{"id":2844,"date":"2018-03-06T08:16:16","date_gmt":"2018-03-06T07:16:16","guid":{"rendered":"https:\/\/gaviaspreview.com\/wp\/oxpitan\/?page_id=2844"},"modified":"2023-05-19T01:58:51","modified_gmt":"2023-05-18T23:58:51","slug":"volunteer","status":"publish","type":"page","link":"http:\/\/wpeduguatedigital.azurewebsites.net\/index.php\/volunteer\/","title":{"rendered":"Voluntarios"},"content":{"rendered":"\t\t<div data-elementor-type=\"wp-post\" data-elementor-id=\"2844\" class=\"elementor elementor-2844\">\n\t\t\t\t\t\t\t\t\t<section class=\"elementor-section elementor-top-section elementor-element elementor-element-460bc05 elementor-section-boxed elementor-section-height-default elementor-section-height-default\" data-id=\"460bc05\" data-element_type=\"section\">\n\t\t\t\t\t\t<div class=\"elementor-container elementor-column-gap-default\">\n\t\t\t\t\t<div class=\"elementor-column elementor-col-100 elementor-top-column elementor-element elementor-element-1b918ac column-style-top column-top\" data-id=\"1b918ac\" data-element_type=\"column\">\n\t\t\t<div class=\"elementor-widget-wrap elementor-element-populated\">\n\t\t\t\t\t\t\t\t<div class=\"elementor-element elementor-element-5e47420 elementor-widget elementor-widget-gva-teams\" data-id=\"5e47420\" data-element_type=\"widget\" data-widget_type=\"gva-teams.default\">\n\t\t\t\t<div class=\"elementor-widget-container\">\n\t\t\t<div class=\"gva-element-gva-teams gva-element\">  \r\n  <div class=\"gva-teams-grid clearfix grid-xbcv\">\r\n      <div class=\"gva-content-items\"> \r\n        <div class=\"lg-block-grid-3 md-block-grid-3 sm-block-grid-2 xs-block-grid-1\">\r\n          <div class=\"team-block team-v2 text-light\">\n\t\t\t<div class=\"team-image\">\n\t\t \t<a href=\"http:\/\/wpeduguatedigital.azurewebsites.net\/index.php\/team\/paola-cabrera\/\"><img loading=\"lazy\" decoding=\"async\" width=\"514\" height=\"550\" src=\"http:\/\/wpeduguatedigital.azurewebsites.net\/wp-content\/uploads\/2023\/05\/EduGuate-Participantes_Paola-514x550.jpg\" class=\"attachment-post-thumbnail size-post-thumbnail wp-post-image\" alt=\"\" \/><\/a>\n\t\t \t\t\t\t   <div class=\"socials-team\">\n\t\t     \t\t\t     \t\t\t\t\t\t     \t<a class=\"gva-social\" href=\"https:\/\/www.linkedin.com\/in\/paola-cabrera-ba2aa4211\/\">\n\t\t\t\t         <i class=\"fa fa-linkedin-square\"><\/i>\n\t\t\t\t      <\/a>\n\t\t\t\t      \n\t\t     \t\t\t\t   <\/div>\n\t\t\t\t\t<\/div>\n\t\t<div class=\"team-content\">\n               <div class=\"bg-overlay purple\">\n            <div class=\"bg-overlay-1\"><\/div>\n            <div class=\"bg-overlay-2\"><\/div>\n         <\/div>\n         \n\t   <div class=\"team-content-inner\">\n         <div class=\"team-name\"><a href=\"http:\/\/wpeduguatedigital.azurewebsites.net\/index.php\/team\/paola-cabrera\/\">Paola Cabrera<\/a><\/div>\n   \t      \n   \t   \t<div class=\"team-job\">Consultora SAP<\/div>\n   \t         <\/div>\n\t<\/div>\n<\/div>  <div class=\"team-block team-v2 text-light\">\n\t\t\t<div class=\"team-image\">\n\t\t \t<a href=\"http:\/\/wpeduguatedigital.azurewebsites.net\/index.php\/team\/william-cardona\/\"><img loading=\"lazy\" decoding=\"async\" width=\"514\" height=\"550\" src=\"http:\/\/wpeduguatedigital.azurewebsites.net\/wp-content\/uploads\/2023\/05\/EduGuate-Participantes_William-514x550.jpg\" class=\"attachment-post-thumbnail size-post-thumbnail wp-post-image\" alt=\"\" \/><\/a>\n\t\t \t\t\t\t   <div class=\"socials-team\">\n\t\t     \t\t\t     \t\t\t\t\t\t     \t<a class=\"gva-social\" href=\"\">\n\t\t\t\t         <i class=\"fa fa-linkedin-square\"><\/i>\n\t\t\t\t      <\/a>\n\t\t\t\t      \n\t\t     \t\t\t\t   <\/div>\n\t\t\t\t\t<\/div>\n\t\t<div class=\"team-content\">\n               <div class=\"bg-overlay goldenrod\">\n            <div class=\"bg-overlay-1\"><\/div>\n            <div class=\"bg-overlay-2\"><\/div>\n         <\/div>\n         \n\t   <div class=\"team-content-inner\">\n         <div class=\"team-name\"><a href=\"http:\/\/wpeduguatedigital.azurewebsites.net\/index.php\/team\/william-cardona\/\">William Cardona<\/a><\/div>\n   \t      \n   \t   \t<div class=\"team-job\">Soporte IT - Microsoft<\/div>\n   \t         <\/div>\n\t<\/div>\n<\/div>  <div class=\"team-block team-v2 text-light\">\n\t\t\t<div class=\"team-image\">\n\t\t \t<a href=\"http:\/\/wpeduguatedigital.azurewebsites.net\/index.php\/team\/laurie-laforest\/\"><img loading=\"lazy\" decoding=\"async\" width=\"514\" height=\"550\" src=\"http:\/\/wpeduguatedigital.azurewebsites.net\/wp-content\/uploads\/2023\/05\/EduGuate-Participantes_Josefa-514x550.jpg\" class=\"attachment-post-thumbnail size-post-thumbnail wp-post-image\" alt=\"\" \/><\/a>\n\t\t \t\t\t\t   <div class=\"socials-team\">\n\t\t     \t\t\t     \t\t\t\t\t\t     \t<a class=\"gva-social\" href=\"https:\/\/www.linkedin.com\/in\/josefa-fuentes-820785209\/\">\n\t\t\t\t         <i class=\"fa fa-linkedin-square\"><\/i>\n\t\t\t\t      <\/a>\n\t\t\t\t      \n\t\t     \t\t\t\t   <\/div>\n\t\t\t\t\t<\/div>\n\t\t<div class=\"team-content\">\n               <div class=\"bg-overlay goldenrod\">\n            <div class=\"bg-overlay-1\"><\/div>\n            <div class=\"bg-overlay-2\"><\/div>\n         <\/div>\n         \n\t   <div class=\"team-content-inner\">\n         <div class=\"team-name\"><a href=\"http:\/\/wpeduguatedigital.azurewebsites.net\/index.php\/team\/laurie-laforest\/\">Josefa Fuentes<\/a><\/div>\n   \t      \n   \t   \t<div class=\"team-job\">Gerente de Marketing<\/div>\n   \t         <\/div>\n\t<\/div>\n<\/div>  <div class=\"team-block team-v2 text-light\">\n\t\t\t<div class=\"team-image\">\n\t\t \t<a href=\"http:\/\/wpeduguatedigital.azurewebsites.net\/index.php\/team\/laurie-laforest-copy-copy\/\"><img loading=\"lazy\" decoding=\"async\" width=\"514\" height=\"550\" src=\"http:\/\/wpeduguatedigital.azurewebsites.net\/wp-content\/uploads\/2023\/05\/EduGuate-Participantes_Abril-514x550.jpg\" class=\"attachment-post-thumbnail size-post-thumbnail wp-post-image\" alt=\"\" \/><\/a>\n\t\t \t\t\t\t   <div class=\"socials-team\">\n\t\t     \t\t\t     \t\t\t\t\t\t     \t<a class=\"gva-social\" href=\"https:\/\/www.linkedin.com\/in\/abril-ubedo-224545261\/\">\n\t\t\t\t         <i class=\"fa fa-linkedin-square\"><\/i>\n\t\t\t\t      <\/a>\n\t\t\t\t      \n\t\t     \t\t\t\t   <\/div>\n\t\t\t\t\t<\/div>\n\t\t<div class=\"team-content\">\n               <div class=\"bg-overlay turquoise\">\n            <div class=\"bg-overlay-1\"><\/div>\n            <div class=\"bg-overlay-2\"><\/div>\n         <\/div>\n         \n\t   <div class=\"team-content-inner\">\n         <div class=\"team-name\"><a href=\"http:\/\/wpeduguatedigital.azurewebsites.net\/index.php\/team\/laurie-laforest-copy-copy\/\">Abril Ubedo<\/a><\/div>\n   \t      \n   \t   \t<div class=\"team-job\">Gerente de Proyectos<\/div>\n   \t         <\/div>\n\t<\/div>\n<\/div>  <div class=\"team-block team-v2 text-light\">\n\t\t\t<div class=\"team-image\">\n\t\t \t<a href=\"http:\/\/wpeduguatedigital.azurewebsites.net\/index.php\/team\/larry-schmidt-2\/\"><img loading=\"lazy\" decoding=\"async\" width=\"514\" height=\"550\" src=\"http:\/\/wpeduguatedigital.azurewebsites.net\/wp-content\/uploads\/2023\/05\/EduGuate-Participantes_Gaby-514x550.jpg\" class=\"attachment-post-thumbnail size-post-thumbnail wp-post-image\" alt=\"\" \/><\/a>\n\t\t \t\t\t\t   <div class=\"socials-team\">\n\t\t     \t\t\t     \t\t\t\t\t\t     \t<a class=\"gva-social\" href=\"https:\/\/www.linkedin.com\/in\/gabrielaavilaj\/\">\n\t\t\t\t         <i class=\"fa fa-linkedin-square\"><\/i>\n\t\t\t\t      <\/a>\n\t\t\t\t      \n\t\t     \t\t\t\t   <\/div>\n\t\t\t\t\t<\/div>\n\t\t<div class=\"team-content\">\n               <div class=\"bg-overlay green\">\n            <div class=\"bg-overlay-1\"><\/div>\n            <div class=\"bg-overlay-2\"><\/div>\n         <\/div>\n         \n\t   <div class=\"team-content-inner\">\n         <div class=\"team-name\"><a href=\"http:\/\/wpeduguatedigital.azurewebsites.net\/index.php\/team\/larry-schmidt-2\/\">Gabriela \u00c1vila<\/a><\/div>\n   \t      \n   \t   \t<div class=\"team-job\">Coordinadora acad\u00e9mica<\/div>\n   \t         <\/div>\n\t<\/div>\n<\/div>  <div class=\"team-block team-v2 text-light\">\n\t\t\t<div class=\"team-image\">\n\t\t \t<a href=\"http:\/\/wpeduguatedigital.azurewebsites.net\/index.php\/team\/laurie-laforest-copy\/\"><img loading=\"lazy\" decoding=\"async\" width=\"514\" height=\"550\" src=\"http:\/\/wpeduguatedigital.azurewebsites.net\/wp-content\/uploads\/2023\/05\/EduGuate-Participantes_Jose-514x550.jpg\" class=\"attachment-post-thumbnail size-post-thumbnail wp-post-image\" alt=\"\" \/><\/a>\n\t\t \t\t\t\t   <div class=\"socials-team\">\n\t\t     \t\t\t     \t\t\t\t\t\t     \t<a class=\"gva-social\" href=\"https:\/\/www.linkedin.com\/in\/jcantoralz\/\">\n\t\t\t\t         <i class=\"fa fa-linkedin-square\"><\/i>\n\t\t\t\t      <\/a>\n\t\t\t\t      \n\t\t     \t\t\t\t   <\/div>\n\t\t\t\t\t<\/div>\n\t\t<div class=\"team-content\">\n               <div class=\"bg-overlay tomato\">\n            <div class=\"bg-overlay-1\"><\/div>\n            <div class=\"bg-overlay-2\"><\/div>\n         <\/div>\n         \n\t   <div class=\"team-content-inner\">\n         <div class=\"team-name\"><a href=\"http:\/\/wpeduguatedigital.azurewebsites.net\/index.php\/team\/laurie-laforest-copy\/\">Jose Cantoral<\/a><\/div>\n   \t      \n   \t   \t<div class=\"team-job\">CEO Group Technology<\/div>\n   \t         <\/div>\n\t<\/div>\n<\/div>  <div class=\"team-block team-v2 text-light\">\n\t\t\t<div class=\"team-image\">\n\t\t \t<a href=\"http:\/\/wpeduguatedigital.azurewebsites.net\/index.php\/team\/abner-mejia\/\"><img loading=\"lazy\" decoding=\"async\" width=\"514\" height=\"550\" src=\"http:\/\/wpeduguatedigital.azurewebsites.net\/wp-content\/uploads\/2023\/05\/EduGuate-Participantes_Abner-514x550.jpg\" class=\"attachment-post-thumbnail size-post-thumbnail wp-post-image\" alt=\"\" \/><\/a>\n\t\t \t\t\t\t   <div class=\"socials-team\">\n\t\t     \t\t\t     \t\t\t\t\t\t     \t<a class=\"gva-social\" href=\"https:\/\/www.linkedin.com\/in\/abner-mej%C3%ADa-39aa621a9\/\">\n\t\t\t\t         <i class=\"fa fa-linkedin-square\"><\/i>\n\t\t\t\t      <\/a>\n\t\t\t\t      \n\t\t     \t\t\t\t   <\/div>\n\t\t\t\t\t<\/div>\n\t\t<div class=\"team-content\">\n               <div class=\"bg-overlay tomato\">\n            <div class=\"bg-overlay-1\"><\/div>\n            <div class=\"bg-overlay-2\"><\/div>\n         <\/div>\n         \n\t   <div class=\"team-content-inner\">\n         <div class=\"team-name\"><a href=\"http:\/\/wpeduguatedigital.azurewebsites.net\/index.php\/team\/abner-mejia\/\">Abner Mej\u00eda<\/a><\/div>\n   \t      \n   \t   \t<div class=\"team-job\">Contador General<\/div>\n   \t         <\/div>\n\t<\/div>\n<\/div>  <div class=\"team-block team-v2 text-light\">\n\t\t\t<div class=\"team-image\">\n\t\t \t<a href=\"http:\/\/wpeduguatedigital.azurewebsites.net\/index.php\/team\/alessandra-molina\/\"><img loading=\"lazy\" decoding=\"async\" width=\"514\" height=\"550\" src=\"http:\/\/wpeduguatedigital.azurewebsites.net\/wp-content\/uploads\/2023\/05\/EduGuate-Participantes_Alessandra-514x550.jpg\" class=\"attachment-post-thumbnail size-post-thumbnail wp-post-image\" alt=\"\" \/><\/a>\n\t\t \t\t\t\t   <div class=\"socials-team\">\n\t\t     \t\t\t     \t\t\t\t\t\t     \t<a class=\"gva-social\" href=\"https:\/\/www.linkedin.com\/in\/alessandra-molina-b8222125b\/\">\n\t\t\t\t         <i class=\"fa fa-linkedin-square\"><\/i>\n\t\t\t\t      <\/a>\n\t\t\t\t      \n\t\t     \t\t\t\t   <\/div>\n\t\t\t\t\t<\/div>\n\t\t<div class=\"team-content\">\n               <div class=\"bg-overlay brown\">\n            <div class=\"bg-overlay-1\"><\/div>\n            <div class=\"bg-overlay-2\"><\/div>\n         <\/div>\n         \n\t   <div class=\"team-content-inner\">\n         <div class=\"team-name\"><a href=\"http:\/\/wpeduguatedigital.azurewebsites.net\/index.php\/team\/alessandra-molina\/\">Alessandra Molina<\/a><\/div>\n   \t      \n   \t   \t<div class=\"team-job\">Auxiliar Contable<\/div>\n   \t         <\/div>\n\t<\/div>\n<\/div>  <div class=\"team-block team-v2 text-light\">\n\t\t\t<div class=\"team-image\">\n\t\t \t<a href=\"http:\/\/wpeduguatedigital.azurewebsites.net\/index.php\/team\/kimberly-chivalan\/\"><img loading=\"lazy\" decoding=\"async\" width=\"514\" height=\"550\" src=\"http:\/\/wpeduguatedigital.azurewebsites.net\/wp-content\/uploads\/2023\/05\/EduGuate-Participantes_Kimberly-514x550.jpg\" class=\"attachment-post-thumbnail size-post-thumbnail wp-post-image\" alt=\"\" \/><\/a>\n\t\t \t\t\t\t   <div class=\"socials-team\">\n\t\t     \t\t\t     \t\t\t\t\t\t     \t<a class=\"gva-social\" href=\"https:\/\/www.linkedin.com\/in\/estefany-chivalan-b67763226\">\n\t\t\t\t         <i class=\"fa fa-linkedin-square\"><\/i>\n\t\t\t\t      <\/a>\n\t\t\t\t      \n\t\t     \t\t\t\t   <\/div>\n\t\t\t\t\t<\/div>\n\t\t<div class=\"team-content\">\n               <div class=\"bg-overlay turquoise\">\n            <div class=\"bg-overlay-1\"><\/div>\n            <div class=\"bg-overlay-2\"><\/div>\n         <\/div>\n         \n\t   <div class=\"team-content-inner\">\n         <div class=\"team-name\"><a href=\"http:\/\/wpeduguatedigital.azurewebsites.net\/index.php\/team\/kimberly-chivalan\/\">Kimberly Chival\u00e1n<\/a><\/div>\n   \t      \n   \t   \t<div class=\"team-job\">Contabilidad<\/div>\n   \t         <\/div>\n\t<\/div>\n<\/div>  <div class=\"team-block team-v2 text-light\">\n\t\t\t<div class=\"team-image\">\n\t\t \t<a href=\"http:\/\/wpeduguatedigital.azurewebsites.net\/index.php\/team\/chelsea-deitch\/\"><img loading=\"lazy\" decoding=\"async\" width=\"514\" height=\"550\" src=\"http:\/\/wpeduguatedigital.azurewebsites.net\/wp-content\/uploads\/2023\/05\/EduGuate-Participantes_Gary-514x550.jpg\" class=\"attachment-post-thumbnail size-post-thumbnail wp-post-image\" alt=\"\" \/><\/a>\n\t\t \t\t\t\t   <div class=\"socials-team\">\n\t\t     \t\t\t     \t\t\t\t\t\t     \t<a class=\"gva-social\" href=\"https:\/\/www.linkedin.com\/in\/gary-ramos-7422a3232\/\">\n\t\t\t\t         <i class=\"fa fa-linkedin-square\"><\/i>\n\t\t\t\t      <\/a>\n\t\t\t\t      \n\t\t     \t\t\t\t   <\/div>\n\t\t\t\t\t<\/div>\n\t\t<div class=\"team-content\">\n               <div class=\"bg-overlay violet\">\n            <div class=\"bg-overlay-1\"><\/div>\n            <div class=\"bg-overlay-2\"><\/div>\n         <\/div>\n         \n\t   <div class=\"team-content-inner\">\n         <div class=\"team-name\"><a href=\"http:\/\/wpeduguatedigital.azurewebsites.net\/index.php\/team\/chelsea-deitch\/\">Gary Ramos<\/a><\/div>\n   \t      \n   \t   \t<div class=\"team-job\">Dise\u00f1ador Gr\u00e1fico<\/div>\n   \t         <\/div>\n\t<\/div>\n<\/div>  <div class=\"team-block team-v2 text-light\">\n\t\t\t<div class=\"team-image\">\n\t\t \t<a href=\"http:\/\/wpeduguatedigital.azurewebsites.net\/index.php\/team\/max-stoiber\/\"><img loading=\"lazy\" decoding=\"async\" width=\"514\" height=\"550\" src=\"http:\/\/wpeduguatedigital.azurewebsites.net\/wp-content\/uploads\/2023\/05\/EduGuate-Participantes_Omar-514x550.jpg\" class=\"attachment-post-thumbnail size-post-thumbnail wp-post-image\" alt=\"\" \/><\/a>\n\t\t \t\t\t\t   <div class=\"socials-team\">\n\t\t     \t\t\t     \t\t\t\t\t\t     \t<a class=\"gva-social\" href=\"https:\/\/www.linkedin.com\/in\/merlin-omar-perez-capriel-46123b15a\/\">\n\t\t\t\t         <i class=\"fa fa-linkedin-square\"><\/i>\n\t\t\t\t      <\/a>\n\t\t\t\t      \n\t\t     \t\t\t\t   <\/div>\n\t\t\t\t\t<\/div>\n\t\t<div class=\"team-content\">\n               <div class=\"bg-overlay purple\">\n            <div class=\"bg-overlay-1\"><\/div>\n            <div class=\"bg-overlay-2\"><\/div>\n         <\/div>\n         \n\t   <div class=\"team-content-inner\">\n         <div class=\"team-name\"><a href=\"http:\/\/wpeduguatedigital.azurewebsites.net\/index.php\/team\/max-stoiber\/\">Omar Capriel<\/a><\/div>\n   \t      \n   \t   \t<div class=\"team-job\">Coordinador de proyectos<\/div>\n   \t         <\/div>\n\t<\/div>\n<\/div>  <div class=\"team-block team-v2 text-light\">\n\t\t\t<div class=\"team-image\">\n\t\t \t<a href=\"http:\/\/wpeduguatedigital.azurewebsites.net\/index.php\/team\/juan-pablo-azurdia\/\"><img loading=\"lazy\" decoding=\"async\" width=\"514\" height=\"550\" src=\"http:\/\/wpeduguatedigital.azurewebsites.net\/wp-content\/uploads\/2023\/05\/EduGuate-Participantes_Juan-Pablo--514x550.jpg\" class=\"attachment-post-thumbnail size-post-thumbnail wp-post-image\" alt=\"\" \/><\/a>\n\t\t \t\t\t\t   <div class=\"socials-team\">\n\t\t     \t\t\t     \t\t\t\t\t\t     \t<a class=\"gva-social\" href=\"https:\/\/www.linkedin.com\/in\/juan-pablo-azurdia-ram%C3%ADrez-5a06231b2\/\">\n\t\t\t\t         <i class=\"fa fa-linkedin-square\"><\/i>\n\t\t\t\t      <\/a>\n\t\t\t\t      \n\t\t     \t\t\t\t   <\/div>\n\t\t\t\t\t<\/div>\n\t\t<div class=\"team-content\">\n               <div class=\"bg-overlay tomato\">\n            <div class=\"bg-overlay-1\"><\/div>\n            <div class=\"bg-overlay-2\"><\/div>\n         <\/div>\n         \n\t   <div class=\"team-content-inner\">\n         <div class=\"team-name\"><a href=\"http:\/\/wpeduguatedigital.azurewebsites.net\/index.php\/team\/juan-pablo-azurdia\/\">Juan Pablo Azurdia<\/a><\/div>\n   \t      \n   \t   \t<div class=\"team-job\">Contabilidad<\/div>\n   \t         <\/div>\n\t<\/div>\n<\/div>  <div class=\"team-block team-v2 text-light\">\n\t\t\t<div class=\"team-image\">\n\t\t \t<a href=\"http:\/\/wpeduguatedigital.azurewebsites.net\/index.php\/team\/ana-donis\/\"><img loading=\"lazy\" decoding=\"async\" width=\"514\" height=\"550\" src=\"http:\/\/wpeduguatedigital.azurewebsites.net\/wp-content\/uploads\/2023\/05\/EduGuate-Participantes_Ana-514x550.jpg\" class=\"attachment-post-thumbnail size-post-thumbnail wp-post-image\" alt=\"\" \/><\/a>\n\t\t \t\t\t\t   <div class=\"socials-team\">\n\t\t     \t\t\t     \t\t   \n\t\t     \t\t\t\t   <\/div>\n\t\t\t\t\t<\/div>\n\t\t<div class=\"team-content\">\n               <div class=\"bg-overlay pink\">\n            <div class=\"bg-overlay-1\"><\/div>\n            <div class=\"bg-overlay-2\"><\/div>\n         <\/div>\n         \n\t   <div class=\"team-content-inner\">\n         <div class=\"team-name\"><a href=\"http:\/\/wpeduguatedigital.azurewebsites.net\/index.php\/team\/ana-donis\/\">Ana Donis<\/a><\/div>\n   \t      \n   \t   \t<div class=\"team-job\">Voluntaria<\/div>\n   \t         <\/div>\n\t<\/div>\n<\/div>  <div class=\"team-block team-v2 text-light\">\n\t\t\t<div class=\"team-image\">\n\t\t \t<a href=\"http:\/\/wpeduguatedigital.azurewebsites.net\/index.php\/team\/ralph-marino\/\"><img loading=\"lazy\" decoding=\"async\" width=\"514\" height=\"550\" src=\"http:\/\/wpeduguatedigital.azurewebsites.net\/wp-content\/uploads\/2023\/05\/EduGuate-Participantes_Fredy-514x550.jpg\" class=\"attachment-post-thumbnail size-post-thumbnail wp-post-image\" alt=\"\" \/><\/a>\n\t\t \t\t\t\t   <div class=\"socials-team\">\n\t\t     \t\t\t     \t\t\t\t\t\t     \t<a class=\"gva-social\" href=\"https:\/\/www.linkedin.com\/in\/fredy-garza-437188164\/\">\n\t\t\t\t         <i class=\"fa fa-linkedin-square\"><\/i>\n\t\t\t\t      <\/a>\n\t\t\t\t      \n\t\t     \t\t\t\t   <\/div>\n\t\t\t\t\t<\/div>\n\t\t<div class=\"team-content\">\n               <div class=\"bg-overlay brown\">\n            <div class=\"bg-overlay-1\"><\/div>\n            <div class=\"bg-overlay-2\"><\/div>\n         <\/div>\n         \n\t   <div class=\"team-content-inner\">\n         <div class=\"team-name\"><a href=\"http:\/\/wpeduguatedigital.azurewebsites.net\/index.php\/team\/ralph-marino\/\">Fredy Garza<\/a><\/div>\n   \t      \n   \t   \t<div class=\"team-job\">Abogado y Notario<\/div>\n   \t         <\/div>\n\t<\/div>\n<\/div>  <div class=\"team-block team-v2 text-light\">\n\t\t\t<div class=\"team-image\">\n\t\t \t<a href=\"http:\/\/wpeduguatedigital.azurewebsites.net\/index.php\/team\/holly-hill\/\"><img loading=\"lazy\" decoding=\"async\" width=\"514\" height=\"550\" src=\"http:\/\/wpeduguatedigital.azurewebsites.net\/wp-content\/uploads\/2023\/05\/EduGuate-Participantes_Marvin-514x550.jpg\" class=\"attachment-post-thumbnail size-post-thumbnail wp-post-image\" alt=\"\" \/><\/a>\n\t\t \t\t\t\t   <div class=\"socials-team\">\n\t\t     \t\t\t     \t\t\t\t\t\t     \t<a class=\"gva-social\" href=\"https:\/\/www.linkedin.com\/in\/marvin-arauz-3a4b94180\/\">\n\t\t\t\t         <i class=\"fa fa-linkedin-square\"><\/i>\n\t\t\t\t      <\/a>\n\t\t\t\t      \n\t\t     \t\t\t\t   <\/div>\n\t\t\t\t\t<\/div>\n\t\t<div class=\"team-content\">\n               <div class=\"bg-overlay pink\">\n            <div class=\"bg-overlay-1\"><\/div>\n            <div class=\"bg-overlay-2\"><\/div>\n         <\/div>\n         \n\t   <div class=\"team-content-inner\">\n         <div class=\"team-name\"><a href=\"http:\/\/wpeduguatedigital.azurewebsites.net\/index.php\/team\/holly-hill\/\">Marvin Ara\u00faz<\/a><\/div>\n   \t      \n   \t   \t<div class=\"team-job\">Gerente de soluciones para clientes<\/div>\n   \t         <\/div>\n\t<\/div>\n<\/div>  <div class=\"team-block team-v2 text-light\">\n\t\t\t<div class=\"team-image\">\n\t\t \t<a href=\"http:\/\/wpeduguatedigital.azurewebsites.net\/index.php\/team\/jackeline-toledo\/\"><img loading=\"lazy\" decoding=\"async\" width=\"514\" height=\"550\" src=\"http:\/\/wpeduguatedigital.azurewebsites.net\/wp-content\/uploads\/2023\/05\/EduGuate-Participantes_Jacky-514x550.jpg\" class=\"attachment-post-thumbnail size-post-thumbnail wp-post-image\" alt=\"\" \/><\/a>\n\t\t \t\t\t\t   <div class=\"socials-team\">\n\t\t     \t\t\t     \t\t\t\t\t\t     \t<a class=\"gva-social\" href=\"https:\/\/www.linkedin.com\/in\/jackeline-toledo-530056214\/\">\n\t\t\t\t         <i class=\"fa fa-linkedin-square\"><\/i>\n\t\t\t\t      <\/a>\n\t\t\t\t      \n\t\t     \t\t\t\t   <\/div>\n\t\t\t\t\t<\/div>\n\t\t<div class=\"team-content\">\n               <div class=\"bg-overlay violet\">\n            <div class=\"bg-overlay-1\"><\/div>\n            <div class=\"bg-overlay-2\"><\/div>\n         <\/div>\n         \n\t   <div class=\"team-content-inner\">\n         <div class=\"team-name\"><a href=\"http:\/\/wpeduguatedigital.azurewebsites.net\/index.php\/team\/jackeline-toledo\/\">Jackeline Toledo<\/a><\/div>\n   \t      \n   \t   \t<div class=\"team-job\">Coordinadora de Operaciones<\/div>\n   \t         <\/div>\n\t<\/div>\n<\/div>          <\/div>\r\n      <\/div>\r\n        <\/div>\r\n  <\/div>\t\t<\/div>\n\t\t\t\t<\/div>\n\t\t\t\t\t<\/div>\n\t\t<\/div>\n\t\t\t\t\t\t\t<\/div>\n\t\t<\/section>\n\t\t\t\t<section class=\"elementor-section elementor-top-section elementor-element elementor-element-b5184ee elementor-section-boxed elementor-section-height-default elementor-section-height-default\" data-id=\"b5184ee\" data-element_type=\"section\" data-settings=\"{&quot;background_background&quot;:&quot;classic&quot;}\">\n\t\t\t\t\t\t\t<div class=\"elementor-background-overlay\"><\/div>\n\t\t\t\t\t\t\t<div class=\"elementor-container elementor-column-gap-default\">\n\t\t\t\t\t<div class=\"elementor-column elementor-col-100 elementor-top-column elementor-element elementor-element-6561a50 column-style-top column-top\" data-id=\"6561a50\" data-element_type=\"column\">\n\t\t\t<div class=\"elementor-widget-wrap elementor-element-populated\">\n\t\t\t\t\t\t\t\t<div class=\"elementor-element elementor-element-fbea269 elementor-widget elementor-widget-gva-heading-block\" data-id=\"fbea269\" data-element_type=\"widget\" data-widget_type=\"gva-heading-block.default\">\n\t\t\t\t<div class=\"elementor-widget-container\">\n\t\t\t<div class=\"gva-element-gva-heading-block gva-element\">   <div class=\"align-center style-1 widget gsc-heading\">\r\n      <div class=\"content-inner\">\r\n           \r\n                     <h2 class=\"title\">\r\n               <span>Hazte Voluntario<\/span>\r\n            <\/h2>\r\n                              <div class=\"sub-title\"><span>Une tu mano a la nuestra por una vida y un futuro mejor<\/span><\/div>\r\n                  \r\n                     <div class=\"heading-action\">\r\n                       <a href=\"#\" class=\"btn-theme btn-cta\">\r\n          \u00danete a nosotros        <\/a>\r\n\r\n                    <\/div>\r\n               <\/div>\r\n   <\/div>\r\n   <div class=\"clearfix\"><\/div>\r\n<\/div>\t\t<\/div>\n\t\t\t\t<\/div>\n\t\t\t\t\t<\/div>\n\t\t<\/div>\n\t\t\t\t\t\t\t<\/div>\n\t\t<\/section>\n\t\t\t\t\t\t\t<\/div>\n\t\t","protected":false},"excerpt":{"rendered":"<p>Fredy Garza Abogado y Notario Ana Donis Voluntaria Jose Cantoral CEO Group Technology Paola Cabrera Consultora SAP Kimberly Chival\u00e1n Senior Accounting Victor Mart\u00ednez Dise\u00f1ador Multimedia Abril Ubedo Project Manager Gary Ramos Disse\u00f1ador Gr\u00e1fico William Cardona Soporte IT &#8211; Microsoft Josefa Fuentes Marketing Manager Abner Mej\u00eda Accounting Manager Omar Capriel Coordinador de proyectos Marvin Ara\u00faz Customer [&hellip;]<\/p>\n","protected":false},"author":1,"featured_media":0,"parent":0,"menu_order":0,"comment_status":"closed","ping_status":"closed","template":"","meta":{"footnotes":""},"class_list":["post-2844","page","type-page","status-publish","hentry"],"_links":{"self":[{"href":"http:\/\/wpeduguatedigital.azurewebsites.net\/index.php\/wp-json\/wp\/v2\/pages\/2844","targetHints":{"allow":["GET"]}}],"collection":[{"href":"http:\/\/wpeduguatedigital.azurewebsites.net\/index.php\/wp-json\/wp\/v2\/pages"}],"about":[{"href":"http:\/\/wpeduguatedigital.azurewebsites.net\/index.php\/wp-json\/wp\/v2\/types\/page"}],"author":[{"embeddable":true,"href":"http:\/\/wpeduguatedigital.azurewebsites.net\/index.php\/wp-json\/wp\/v2\/users\/1"}],"replies":[{"embeddable":true,"href":"http:\/\/wpeduguatedigital.azurewebsites.net\/index.php\/wp-json\/wp\/v2\/comments?post=2844"}],"version-history":[{"count":13,"href":"http:\/\/wpeduguatedigital.azurewebsites.net\/index.php\/wp-json\/wp\/v2\/pages\/2844\/revisions"}],"predecessor-version":[{"id":5322,"href":"http:\/\/wpeduguatedigital.azurewebsites.net\/index.php\/wp-json\/wp\/v2\/pages\/2844\/revisions\/5322"}],"wp:attachment":[{"href":"http:\/\/wpeduguatedigital.azurewebsites.net\/index.php\/wp-json\/wp\/v2\/media?parent=2844"}],"curies":[{"name":"wp","href":"https:\/\/api.w.org\/{rel}","templated":true}]}}