{"id":506,"date":"2016-03-04T02:30:30","date_gmt":"2016-03-04T02:30:30","guid":{"rendered":"https:\/\/gaviaspreview.com\/wp\/oxpitan\/?page_id=506"},"modified":"2016-03-04T02:30:30","modified_gmt":"2016-03-04T02:30:30","slug":"news","status":"publish","type":"page","link":"http:\/\/wpeduguatedigital.azurewebsites.net\/index.php\/news\/","title":{"rendered":"News"},"content":{"rendered":"\t\t<div data-elementor-type=\"wp-post\" data-elementor-id=\"506\" class=\"elementor elementor-506\">\n\t\t\t\t\t\t\t\t\t<section class=\"elementor-section elementor-top-section elementor-element elementor-element-4d2980f elementor-section-boxed elementor-section-height-default elementor-section-height-default\" data-id=\"4d2980f\" data-element_type=\"section\">\n\t\t\t\t\t\t<div class=\"elementor-container elementor-column-gap-default\">\n\t\t\t\t\t<div class=\"elementor-column elementor-col-100 elementor-top-column elementor-element elementor-element-cc38b96 column-style-top column-top\" data-id=\"cc38b96\" data-element_type=\"column\">\n\t\t\t<div class=\"elementor-widget-wrap elementor-element-populated\">\n\t\t\t\t\t\t\t\t<div class=\"elementor-element elementor-element-c44d968 elementor-widget elementor-widget-gva-posts\" data-id=\"c44d968\" data-element_type=\"widget\" data-widget_type=\"gva-posts.default\">\n\t\t\t\t<div class=\"elementor-widget-container\">\n\t\t\t<div class=\"gva-element-gva-posts gva-element\">  \r\n  <div class=\"gva-posts-grid clearfix gva-posts\">\r\n      <div class=\"gva-content-items\"> \r\n        <div class=\"lg-block-grid-2 md-block-grid-2 sm-block-grid-2 xs-block-grid-1\">\r\n          \r\n<div class=\"item-columns all donaciones \">\r\n   <article id=\"post-5278\" class=\"post post-5278 type-post status-publish format-standard has-post-thumbnail hentry category-donaciones\">\r\n      <div class=\"post-thumbnail\">\r\n         <img loading=\"lazy\" decoding=\"async\" width=\"780\" height=\"443\" src=\"http:\/\/wpeduguatedigital.azurewebsites.net\/wp-content\/uploads\/2016\/01\/donaciones-ong-780x443.jpg\" class=\"attachment-oxpitan_medium size-oxpitan_medium wp-post-image\" alt=\"\u00a1Dona a EduGuate y haz realidad el sue\u00f1o de una educaci\u00f3n mejor en Guatemala!\" \/>      <\/div>   \r\n\r\n      <div class=\"entry-content\">\r\n         <div class=\"content-inner\">\r\n            \r\n            <h2 class=\"entry-title\"><a href=\"http:\/\/wpeduguatedigital.azurewebsites.net\/index.php\/2023\/05\/18\/dona-a-eduguate-y-haz-realidad-el-sueno-de-una-educacion-mejor-en-guatemala\/\" rel=\"bookmark\">\u00a1Dona a EduGuate y haz realidad el sue\u00f1o de una educaci\u00f3n mejor en Guatemala!<\/a><\/h2>\r\n            \r\n            <div class=\"entry-meta\">\r\n                                <span class=\"cat-links\"><a href=\"http:\/\/wpeduguatedigital.azurewebsites.net\/index.php\/category\/donaciones\/\" rel=\"category tag\">Donaciones<\/a><\/span>\r\n                  <span class=\"line\"><\/span>\r\n                              <span class=\"entry-date\"><a href=\"http:\/\/wpeduguatedigital.azurewebsites.net\/index.php\/2023\/05\/18\/dona-a-eduguate-y-haz-realidad-el-sueno-de-una-educacion-mejor-en-guatemala\/\" rel=\"bookmark\"><time class=\"entry-date\" datetime=\"2023-05-18T23:59:40+02:00\">18 mayo, 2023<\/time><\/a><\/span>            <\/div> \r\n\r\n            <div class=\"entry-description\">\r\n               En EduGuate Digital, estamos comprometidos en proporcionar a las escuelas de bajos recursos las herramientas y recursos necesarios para transformar la educaci\u00f3n de los ni\u00f1os y j\u00f3venes guatemaltecos. Pero para            <\/div>\r\n         <\/div>\r\n\r\n         <div class=\"read-more hidden\"><a class=\"btn-theme\" href=\"http:\/\/wpeduguatedigital.azurewebsites.net\/index.php\/2023\/05\/18\/dona-a-eduguate-y-haz-realidad-el-sueno-de-una-educacion-mejor-en-guatemala\/\">Read more<\/a><\/div>\r\n         \r\n      <\/div>\r\n   <\/article>   \r\n<\/div>\r\n\r\n  \r\n<div class=\"item-columns all educacion tecnologia \">\r\n   <article id=\"post-257\" class=\"post post-257 type-post status-publish format-gallery has-post-thumbnail hentry category-educacion category-tecnologia post_format-post-format-gallery\">\r\n      <div class=\"post-thumbnail\">\r\n         <img loading=\"lazy\" decoding=\"async\" width=\"780\" height=\"500\" src=\"http:\/\/wpeduguatedigital.azurewebsites.net\/wp-content\/uploads\/2016\/01\/posible-portada1-885x500-1-780x500.jpg\" class=\"attachment-oxpitan_medium size-oxpitan_medium wp-post-image\" alt=\"Empoderando la educaci\u00f3n en Guatemala: \u00danete a EduGuate y marca la diferencia.\" \/>      <\/div>   \r\n\r\n      <div class=\"entry-content\">\r\n         <div class=\"content-inner\">\r\n            \r\n            <h2 class=\"entry-title\"><a href=\"http:\/\/wpeduguatedigital.azurewebsites.net\/index.php\/2016\/01\/03\/a-place-where-start-new-life-with-peace\/\" rel=\"bookmark\">Empoderando la educaci\u00f3n en Guatemala: \u00danete a EduGuate y marca la diferencia.<\/a><\/h2>\r\n            \r\n            <div class=\"entry-meta\">\r\n                                <span class=\"cat-links\"><a href=\"http:\/\/wpeduguatedigital.azurewebsites.net\/index.php\/category\/educacion\/\" rel=\"category tag\">Educaci\u00f3n<\/a>, <a href=\"http:\/\/wpeduguatedigital.azurewebsites.net\/index.php\/category\/tecnologia\/\" rel=\"category tag\">Tecnolog\u00eda<\/a><\/span>\r\n                  <span class=\"line\"><\/span>\r\n                              <span class=\"entry-date\"><a href=\"http:\/\/wpeduguatedigital.azurewebsites.net\/index.php\/2016\/01\/03\/a-place-where-start-new-life-with-peace\/\" rel=\"bookmark\"><time class=\"entry-date\" datetime=\"2016-01-03T15:30:10+01:00\">3 enero, 2016<\/time><\/a><\/span>            <\/div> \r\n\r\n            <div class=\"entry-description\">\r\n               En Guatemala, muchas escuelas de bajos recursos enfrentan desaf\u00edos significativos para brindar una educaci\u00f3n de calidad a sus estudiantes. La falta de recursos y apoyo limita las oportunidades de aprendizaje,            <\/div>\r\n         <\/div>\r\n\r\n         <div class=\"read-more hidden\"><a class=\"btn-theme\" href=\"http:\/\/wpeduguatedigital.azurewebsites.net\/index.php\/2016\/01\/03\/a-place-where-start-new-life-with-peace\/\">Read more<\/a><\/div>\r\n         \r\n      <\/div>\r\n   <\/article>   \r\n<\/div>\r\n\r\n  \r\n<div class=\"item-columns all educacion tecnologia \">\r\n   <article id=\"post-254\" class=\"post post-254 type-post status-publish format-gallery has-post-thumbnail hentry category-educacion category-tecnologia post_format-post-format-gallery\">\r\n      <div class=\"post-thumbnail\">\r\n         <img loading=\"lazy\" decoding=\"async\" width=\"780\" height=\"550\" src=\"http:\/\/wpeduguatedigital.azurewebsites.net\/wp-content\/uploads\/2016\/01\/dplnews_educ-digital-GT_dn120422-780x550.jpg\" class=\"attachment-oxpitan_medium size-oxpitan_medium wp-post-image\" alt=\"Transformando la educaci\u00f3n en Guatemala: El poder de la tecnolog\u00eda en las escuelas rurales.\" \/>      <\/div>   \r\n\r\n      <div class=\"entry-content\">\r\n         <div class=\"content-inner\">\r\n            \r\n            <h2 class=\"entry-title\"><a href=\"http:\/\/wpeduguatedigital.azurewebsites.net\/index.php\/2016\/01\/03\/we-can-make-a-difference-in-families-lives\/\" rel=\"bookmark\">Transformando la educaci\u00f3n en Guatemala: El poder de la tecnolog\u00eda en las escuelas rurales.<\/a><\/h2>\r\n            \r\n            <div class=\"entry-meta\">\r\n                                <span class=\"cat-links\"><a href=\"http:\/\/wpeduguatedigital.azurewebsites.net\/index.php\/category\/educacion\/\" rel=\"category tag\">Educaci\u00f3n<\/a>, <a href=\"http:\/\/wpeduguatedigital.azurewebsites.net\/index.php\/category\/tecnologia\/\" rel=\"category tag\">Tecnolog\u00eda<\/a><\/span>\r\n                  <span class=\"line\"><\/span>\r\n                              <span class=\"entry-date\"><a href=\"http:\/\/wpeduguatedigital.azurewebsites.net\/index.php\/2016\/01\/03\/we-can-make-a-difference-in-families-lives\/\" rel=\"bookmark\"><time class=\"entry-date\" datetime=\"2016-01-03T15:28:21+01:00\">3 enero, 2016<\/time><\/a><\/span>            <\/div> \r\n\r\n            <div class=\"entry-description\">\r\n               En Guatemala, muchas escuelas rurales enfrentan desaf\u00edos significativos debido a la falta de recursos y acceso a una educaci\u00f3n de calidad. Sin embargo, en medio de estas dificultades, la tecnolog\u00eda            <\/div>\r\n         <\/div>\r\n\r\n         <div class=\"read-more hidden\"><a class=\"btn-theme\" href=\"http:\/\/wpeduguatedigital.azurewebsites.net\/index.php\/2016\/01\/03\/we-can-make-a-difference-in-families-lives\/\">Read more<\/a><\/div>\r\n         \r\n      <\/div>\r\n   <\/article>   \r\n<\/div>\r\n\r\n  \r\n<div class=\"item-columns all educacion voluntariado \">\r\n   <article id=\"post-252\" class=\"post post-252 type-post status-publish format-standard has-post-thumbnail hentry category-educacion category-voluntariado\">\r\n      <div class=\"post-thumbnail\">\r\n         <img loading=\"lazy\" decoding=\"async\" width=\"780\" height=\"550\" src=\"http:\/\/wpeduguatedigital.azurewebsites.net\/wp-content\/uploads\/2016\/01\/volunteer-in-guatemala-header-girl-dancing-780x550.jpg\" class=\"attachment-oxpitan_medium size-oxpitan_medium wp-post-image\" alt=\"\u00a1\u00danete al voluntariado de EduGuate y haz la diferencia!\" \/>      <\/div>   \r\n\r\n      <div class=\"entry-content\">\r\n         <div class=\"content-inner\">\r\n            \r\n            <h2 class=\"entry-title\"><a href=\"http:\/\/wpeduguatedigital.azurewebsites.net\/index.php\/2016\/01\/03\/build-school-for-poor-childrens\/\" rel=\"bookmark\">\u00a1\u00danete al voluntariado de EduGuate y haz la diferencia!<\/a><\/h2>\r\n            \r\n            <div class=\"entry-meta\">\r\n                                <span class=\"cat-links\"><a href=\"http:\/\/wpeduguatedigital.azurewebsites.net\/index.php\/category\/educacion\/\" rel=\"category tag\">Educaci\u00f3n<\/a>, <a href=\"http:\/\/wpeduguatedigital.azurewebsites.net\/index.php\/category\/voluntariado\/\" rel=\"category tag\">Voluntariado<\/a><\/span>\r\n                  <span class=\"line\"><\/span>\r\n                              <span class=\"entry-date\"><a href=\"http:\/\/wpeduguatedigital.azurewebsites.net\/index.php\/2016\/01\/03\/build-school-for-poor-childrens\/\" rel=\"bookmark\"><time class=\"entry-date\" datetime=\"2016-01-03T15:27:38+01:00\">3 enero, 2016<\/time><\/a><\/span>            <\/div> \r\n\r\n            <div class=\"entry-description\">\r\n               La educaci\u00f3n es el pilar fundamental para el desarrollo de una sociedad. Sin embargo, en Guatemala, muchas escuelas rurales carecen de los recursos necesarios para brindar a los ni\u00f1os y            <\/div>\r\n         <\/div>\r\n\r\n         <div class=\"read-more hidden\"><a class=\"btn-theme\" href=\"http:\/\/wpeduguatedigital.azurewebsites.net\/index.php\/2016\/01\/03\/build-school-for-poor-childrens\/\">Read more<\/a><\/div>\r\n         \r\n      <\/div>\r\n   <\/article>   \r\n<\/div>\r\n\r\n          <\/div>\r\n      <\/div>\r\n                <div class=\"pagination\">\r\n                        <\/div>\r\n        <\/div>\r\n  <\/div>\t\t<\/div>\n\t\t\t\t<\/div>\n\t\t\t\t\t<\/div>\n\t\t<\/div>\n\t\t\t\t\t\t\t<\/div>\n\t\t<\/section>\n\t\t\t\t\t\t\t<\/div>\n\t\t","protected":false},"excerpt":{"rendered":"<p>A place where start new life with peace Fashion, Movies January 3, 2016 It is a well-known fact that when any discussion on lead generation takes place, quality conquers over the measure. Though it is clearly known fact that people do not like Read more We can make a difference in families lives LifeStyle, Music [&hellip;]<\/p>\n","protected":false},"author":1,"featured_media":0,"parent":0,"menu_order":0,"comment_status":"closed","ping_status":"closed","template":"","meta":{"footnotes":""},"class_list":["post-506","page","type-page","status-publish","hentry"],"_links":{"self":[{"href":"http:\/\/wpeduguatedigital.azurewebsites.net\/index.php\/wp-json\/wp\/v2\/pages\/506","targetHints":{"allow":["GET"]}}],"collection":[{"href":"http:\/\/wpeduguatedigital.azurewebsites.net\/index.php\/wp-json\/wp\/v2\/pages"}],"about":[{"href":"http:\/\/wpeduguatedigital.azurewebsites.net\/index.php\/wp-json\/wp\/v2\/types\/page"}],"author":[{"embeddable":true,"href":"http:\/\/wpeduguatedigital.azurewebsites.net\/index.php\/wp-json\/wp\/v2\/users\/1"}],"replies":[{"embeddable":true,"href":"http:\/\/wpeduguatedigital.azurewebsites.net\/index.php\/wp-json\/wp\/v2\/comments?post=506"}],"version-history":[{"count":0,"href":"http:\/\/wpeduguatedigital.azurewebsites.net\/index.php\/wp-json\/wp\/v2\/pages\/506\/revisions"}],"wp:attachment":[{"href":"http:\/\/wpeduguatedigital.azurewebsites.net\/index.php\/wp-json\/wp\/v2\/media?parent=506"}],"curies":[{"name":"wp","href":"https:\/\/api.w.org\/{rel}","templated":true}]}}