{"id":5222,"date":"2023-05-18T21:27:48","date_gmt":"2023-05-18T19:27:48","guid":{"rendered":"http:\/\/wpeduguatedigital.azurewebsites.net\/?page_id=5222"},"modified":"2023-05-18T21:55:06","modified_gmt":"2023-05-18T19:55:06","slug":"dona-a-eduguate-digital","status":"publish","type":"page","link":"http:\/\/wpeduguatedigital.azurewebsites.net\/index.php\/dona-a-eduguate-digital\/","title":{"rendered":"Dona a EduGuate Digital"},"content":{"rendered":"\t\t<div data-elementor-type=\"wp-page\" data-elementor-id=\"5222\" class=\"elementor elementor-5222\">\n\t\t\t\t\t\t\t\t\t<section class=\"elementor-section elementor-top-section elementor-element elementor-element-bbba6d1 elementor-section-boxed elementor-section-height-default elementor-section-height-default\" data-id=\"bbba6d1\" data-element_type=\"section\">\n\t\t\t\t\t\t<div class=\"elementor-container elementor-column-gap-default\">\n\t\t\t\t\t<div class=\"elementor-column elementor-col-100 elementor-top-column elementor-element elementor-element-aeef44f column-style-top column-top\" data-id=\"aeef44f\" data-element_type=\"column\">\n\t\t\t<div class=\"elementor-widget-wrap elementor-element-populated\">\n\t\t\t\t\t\t\t\t<div class=\"elementor-element elementor-element-3240b16 elementor-widget elementor-widget-heading\" data-id=\"3240b16\" data-element_type=\"widget\" data-widget_type=\"heading.default\">\n\t\t\t\t<div class=\"elementor-widget-container\">\n\t\t\t<style>\/*! elementor - v3.11.2 - 22-02-2023 *\/\n.elementor-heading-title{padding:0;margin:0;line-height:1}.elementor-widget-heading .elementor-heading-title[class*=elementor-size-]>a{color:inherit;font-size:inherit;line-height:inherit}.elementor-widget-heading .elementor-heading-title.elementor-size-small{font-size:15px}.elementor-widget-heading .elementor-heading-title.elementor-size-medium{font-size:19px}.elementor-widget-heading .elementor-heading-title.elementor-size-large{font-size:29px}.elementor-widget-heading .elementor-heading-title.elementor-size-xl{font-size:39px}.elementor-widget-heading .elementor-heading-title.elementor-size-xxl{font-size:59px}<\/style><h1 class=\"elementor-heading-title elementor-size-xl\">Bienvenidos a EduGuate Digital<\/h1>\t\t<\/div>\n\t\t\t\t<\/div>\n\t\t\t\t<section class=\"elementor-section elementor-inner-section elementor-element elementor-element-44206f9 elementor-section-boxed elementor-section-height-default elementor-section-height-default\" data-id=\"44206f9\" data-element_type=\"section\">\n\t\t\t\t\t\t<div class=\"elementor-container elementor-column-gap-default\">\n\t\t\t\t\t<div class=\"elementor-column elementor-col-50 elementor-inner-column elementor-element elementor-element-3531356 column-style-top column-top\" data-id=\"3531356\" data-element_type=\"column\">\n\t\t\t<div class=\"elementor-widget-wrap elementor-element-populated\">\n\t\t\t\t\t\t\t\t<div class=\"elementor-element elementor-element-e874ca1 elementor-widget elementor-widget-text-editor\" data-id=\"e874ca1\" data-element_type=\"widget\" data-widget_type=\"text-editor.default\">\n\t\t\t\t<div class=\"elementor-widget-container\">\n\t\t\t<style>\/*! elementor - v3.11.2 - 22-02-2023 *\/\n.elementor-widget-text-editor.elementor-drop-cap-view-stacked .elementor-drop-cap{background-color:#818a91;color:#fff}.elementor-widget-text-editor.elementor-drop-cap-view-framed .elementor-drop-cap{color:#818a91;border:3px solid;background-color:transparent}.elementor-widget-text-editor:not(.elementor-drop-cap-view-default) .elementor-drop-cap{margin-top:8px}.elementor-widget-text-editor:not(.elementor-drop-cap-view-default) .elementor-drop-cap-letter{width:1em;height:1em}.elementor-widget-text-editor .elementor-drop-cap{float:left;text-align:center;line-height:1;font-size:50px}.elementor-widget-text-editor .elementor-drop-cap-letter{display:inline-block}<\/style>\t\t\t\t<p>Estamos encantados de que hayas considerado hacer una donaci\u00f3n para apoyar nuestra misi\u00f3n de transformar la educaci\u00f3n en Guatemala. Cada contribuci\u00f3n que recibimos tiene un impacto significativo en la vida de los ni\u00f1os y j\u00f3venes de escasos recursos, brind\u00e1ndoles acceso a la tecnolog\u00eda y oportunidades educativas que antes parec\u00edan inalcanzables.<\/p><p>Al unirte a nuestra comunidad de donantes, est\u00e1s marcando la diferencia en la vida de estos estudiantes, abriendo puertas hacia un futuro lleno de posibilidades. Tu generosidad ayuda a proporcionar computadoras, infraestructura tecnol\u00f3gica y programas educativos en las escuelas rurales m\u00e1s necesitadas, creando un entorno de aprendizaje que inspira y empodera a cada ni\u00f1o.<\/p>\t\t\t\t\t\t<\/div>\n\t\t\t\t<\/div>\n\t\t\t\t\t<\/div>\n\t\t<\/div>\n\t\t\t\t<div class=\"elementor-column elementor-col-50 elementor-inner-column elementor-element elementor-element-0625c44 column-style-top column-top\" data-id=\"0625c44\" data-element_type=\"column\">\n\t\t\t<div class=\"elementor-widget-wrap elementor-element-populated\">\n\t\t\t\t\t\t\t\t<div class=\"elementor-element elementor-element-99684c5 elementor-widget elementor-widget-text-editor\" data-id=\"99684c5\" data-element_type=\"widget\" data-widget_type=\"text-editor.default\">\n\t\t\t\t<div class=\"elementor-widget-container\">\n\t\t\t\t\t\t\t<p>Nuestra promesa es utilizar cada donaci\u00f3n de manera eficiente y transparente, maximizando su impacto directo en la educaci\u00f3n de Guatemala. Trabajamos de la mano con las escuelas y las comunidades, asegur\u00e1ndonos de que cada recurso sea usado de manera efectiva para mejorar la calidad educativa y el acceso a la tecnolog\u00eda.<\/p><p>\u00a1Gracias por unirte a nosotros en esta misi\u00f3n de cambiar vidas a trav\u00e9s de la educaci\u00f3n y la tecnolog\u00eda! Tu donaci\u00f3n es un regalo invaluable que marcar\u00e1 una diferencia duradera en el futuro de Guatemala. Juntos, estamos construyendo un camino hacia un ma\u00f1ana m\u00e1s brillante para todos.<\/p>\t\t\t\t\t\t<\/div>\n\t\t\t\t<\/div>\n\t\t\t\t\t<\/div>\n\t\t<\/div>\n\t\t\t\t\t\t\t<\/div>\n\t\t<\/section>\n\t\t\t\t\t<\/div>\n\t\t<\/div>\n\t\t\t\t\t\t\t<\/div>\n\t\t<\/section>\n\t\t\t\t<section class=\"elementor-section elementor-top-section elementor-element elementor-element-7144849 elementor-section-boxed elementor-section-height-default elementor-section-height-default\" data-id=\"7144849\" data-element_type=\"section\">\n\t\t\t\t\t\t<div class=\"elementor-container elementor-column-gap-default\">\n\t\t\t\t\t<div class=\"elementor-column elementor-col-100 elementor-top-column elementor-element elementor-element-6832fc7 column-style-top column-top\" data-id=\"6832fc7\" data-element_type=\"column\">\n\t\t\t<div class=\"elementor-widget-wrap elementor-element-populated\">\n\t\t\t\t\t\t\t\t<div class=\"elementor-element elementor-element-5189154 elementor-widget elementor-widget-heading\" data-id=\"5189154\" data-element_type=\"widget\" data-widget_type=\"heading.default\">\n\t\t\t\t<div class=\"elementor-widget-container\">\n\t\t\t<h1 class=\"elementor-heading-title elementor-size-large\">Gracias por ser parte de EduGuate Digital<\/h1>\t\t<\/div>\n\t\t\t\t<\/div>\n\t\t\t\t<div class=\"elementor-element elementor-element-097dd72 elementor-widget elementor-widget-text-editor\" data-id=\"097dd72\" data-element_type=\"widget\" data-widget_type=\"text-editor.default\">\n\t\t\t\t<div class=\"elementor-widget-container\">\n\t\t\t\t\t\t\t<p>Puedes hacer tu donaci\u00f3n a la siguiente cuenta:&nbsp;<span style=\"color: var( --e-global-color-text ); font-family: var( --e-global-typography-text-font-family ), Sans-serif; font-weight: var( --e-global-typography-text-font-weight );\">Nombre:<\/span><\/p><h1><span style=\"color: var( --e-global-color-text ); font-family: var( --e-global-typography-text-font-family ), Sans-serif; font-weight: var( --e-global-typography-text-font-weight );\">Eduguate &#8211; BI MONETARIA &#8211;<\/span><span style=\"color: var( --e-global-color-text ); font-family: var( --e-global-typography-text-font-family ), Sans-serif; font-weight: var( --e-global-typography-text-font-weight );\">&nbsp;<\/span><span dir=\"ltr\" style=\"color: var( --e-global-color-text ); font-family: var( --e-global-typography-text-font-family ), Sans-serif; font-weight: var( --e-global-typography-text-font-weight );\">062-017202-3<\/span><\/h1>\t\t\t\t\t\t<\/div>\n\t\t\t\t<\/div>\n\t\t\t\t<div class=\"elementor-element elementor-element-786b45c elementor-align-center elementor-widget elementor-widget-button\" data-id=\"786b45c\" data-element_type=\"widget\" data-widget_type=\"button.default\">\n\t\t\t\t<div class=\"elementor-widget-container\">\n\t\t\t\t\t<div class=\"elementor-button-wrapper\">\n\t\t\t<a href=\"https:\/\/wa.link\/esrtqa\" class=\"elementor-button-link elementor-button elementor-size-xl\" role=\"button\">\n\t\t\t\t\t\t<span class=\"elementor-button-content-wrapper\">\n\t\t\t\t\t\t<span class=\"elementor-button-text\">\u00bfDudas? Comun\u00edcate con nosotros<\/span>\n\t\t<\/span>\n\t\t\t\t\t<\/a>\n\t\t<\/div>\n\t\t\t\t<\/div>\n\t\t\t\t<\/div>\n\t\t\t\t\t<\/div>\n\t\t<\/div>\n\t\t\t\t\t\t\t<\/div>\n\t\t<\/section>\n\t\t\t\t\t\t\t<\/div>\n\t\t","protected":false},"excerpt":{"rendered":"<p>Bienvenidos a EduGuate Digital Estamos encantados de que hayas considerado hacer una donaci\u00f3n para apoyar nuestra misi\u00f3n de transformar la educaci\u00f3n en Guatemala. Cada contribuci\u00f3n que recibimos tiene un impacto significativo en la vida de los ni\u00f1os y j\u00f3venes de escasos recursos, brind\u00e1ndoles acceso a la tecnolog\u00eda y oportunidades educativas que antes parec\u00edan inalcanzables. Al [&hellip;]<\/p>\n","protected":false},"author":2,"featured_media":0,"parent":0,"menu_order":0,"comment_status":"closed","ping_status":"closed","template":"","meta":{"footnotes":""},"class_list":["post-5222","page","type-page","status-publish","hentry"],"_links":{"self":[{"href":"http:\/\/wpeduguatedigital.azurewebsites.net\/index.php\/wp-json\/wp\/v2\/pages\/5222","targetHints":{"allow":["GET"]}}],"collection":[{"href":"http:\/\/wpeduguatedigital.azurewebsites.net\/index.php\/wp-json\/wp\/v2\/pages"}],"about":[{"href":"http:\/\/wpeduguatedigital.azurewebsites.net\/index.php\/wp-json\/wp\/v2\/types\/page"}],"author":[{"embeddable":true,"href":"http:\/\/wpeduguatedigital.azurewebsites.net\/index.php\/wp-json\/wp\/v2\/users\/2"}],"replies":[{"embeddable":true,"href":"http:\/\/wpeduguatedigital.azurewebsites.net\/index.php\/wp-json\/wp\/v2\/comments?post=5222"}],"version-history":[{"count":4,"href":"http:\/\/wpeduguatedigital.azurewebsites.net\/index.php\/wp-json\/wp\/v2\/pages\/5222\/revisions"}],"predecessor-version":[{"id":5242,"href":"http:\/\/wpeduguatedigital.azurewebsites.net\/index.php\/wp-json\/wp\/v2\/pages\/5222\/revisions\/5242"}],"wp:attachment":[{"href":"http:\/\/wpeduguatedigital.azurewebsites.net\/index.php\/wp-json\/wp\/v2\/media?parent=5222"}],"curies":[{"name":"wp","href":"https:\/\/api.w.org\/{rel}","templated":true}]}}