{"id":610,"date":"2016-03-07T03:10:46","date_gmt":"2016-03-07T02:10:46","guid":{"rendered":"https:\/\/gaviaspreview.com\/wp\/oxpitan\/?page_id=610"},"modified":"2023-06-15T17:47:47","modified_gmt":"2023-06-15T15:47:47","slug":"contact-page","status":"publish","type":"page","link":"http:\/\/wpeduguatedigital.azurewebsites.net\/index.php\/contact-page\/","title":{"rendered":"Contacto"},"content":{"rendered":"\t\t<div data-elementor-type=\"wp-post\" data-elementor-id=\"610\" class=\"elementor elementor-610\">\n\t\t\t\t\t\t\t\t\t<section class=\"elementor-section elementor-top-section elementor-element elementor-element-d7ffb7c elementor-section-boxed elementor-section-height-default elementor-section-height-default\" data-id=\"d7ffb7c\" data-element_type=\"section\">\n\t\t\t\t\t\t<div class=\"elementor-container elementor-column-gap-default\">\n\t\t\t\t\t<div class=\"elementor-column elementor-col-50 elementor-top-column elementor-element elementor-element-4fef044 column-style-top column-top\" data-id=\"4fef044\" data-element_type=\"column\">\n\t\t\t<div class=\"elementor-widget-wrap elementor-element-populated\">\n\t\t\t\t\t\t\t\t<div class=\"elementor-element elementor-element-3821df2 elementor-widget elementor-widget-gva-heading-block\" data-id=\"3821df2\" data-element_type=\"widget\" data-widget_type=\"gva-heading-block.default\">\n\t\t\t\t<div class=\"elementor-widget-container\">\n\t\t\t<div class=\"gva-element-gva-heading-block gva-element\">   <div class=\"align-left style-1 widget gsc-heading\">\r\n      <div class=\"content-inner\">\r\n                     <div class=\"heading-icon\"><img decoding=\"async\" src=\"http:\/\/wpeduguatedigital.azurewebsites.net\/wp-content\/plugins\/gavias-oxpitan-themer\/elementor\/assets\/images\/icon-heading.png\" alt=\"P\u00f3ngase en contacto con nosotros\"\/><\/div>\r\n           \r\n                     <h2 class=\"title\">\r\n               <span>P\u00f3ngase en contacto con nosotros<\/span>\r\n            <\/h2>\r\n                              <div class=\"sub-title\"><span>Escr\u00edbenos un mensaje<\/span><\/div>\r\n                  \r\n               <\/div>\r\n   <\/div>\r\n   <div class=\"clearfix\"><\/div>\r\n<\/div>\t\t<\/div>\n\t\t\t\t<\/div>\n\t\t\t\t<div class=\"elementor-element elementor-element-2d7a35f elementor-widget elementor-widget-gva-socials\" data-id=\"2d7a35f\" data-element_type=\"widget\" data-widget_type=\"gva-socials.default\">\n\t\t\t\t<div class=\"elementor-widget-container\">\n\t\t\t<div class=\"gva-element-gva-socials gva-element\"><div class=\"gva-socials style-1\">\r\n   <ul class=\"social-links\">\r\n               <li class=\"social-item elementor-repeater-item-4cc19ab\">\r\n            <a target=\"_blank\" href=\"#\" title=\"Facebook\"><i class=\"fa fa-facebook\"><\/i><\/a>\r\n         <\/li>\r\n               <li class=\"social-item elementor-repeater-item-42fecc5\">\r\n            <a target=\"_blank\" href=\"#\" title=\"Twitter\"><i class=\"fa fa-twitter\"><\/i><\/a>\r\n         <\/li>\r\n               <li class=\"social-item elementor-repeater-item-9476c13\">\r\n            <a target=\"_blank\" href=\"#\" title=\"Instagram\"><i class=\"fa fa-instagram\"><\/i><\/a>\r\n         <\/li>\r\n         <\/ul>\r\n<\/div>\r\n<\/div>\t\t<\/div>\n\t\t\t\t<\/div>\n\t\t\t\t\t<\/div>\n\t\t<\/div>\n\t\t\t\t<div class=\"elementor-column elementor-col-50 elementor-top-column elementor-element elementor-element-7a39a2b column-style-top column-top\" data-id=\"7a39a2b\" data-element_type=\"column\">\n\t\t\t<div class=\"elementor-widget-wrap elementor-element-populated\">\n\t\t\t\t\t\t\t\t<div class=\"elementor-element elementor-element-e999300 elementor-widget elementor-widget-shortcode\" data-id=\"e999300\" data-element_type=\"widget\" data-widget_type=\"shortcode.default\">\n\t\t\t\t<div class=\"elementor-widget-container\">\n\t\t\t\t\t<div class=\"elementor-shortcode\">\n<div class=\"wpcf7 no-js\" id=\"wpcf7-f236-o1\" lang=\"en-US\" dir=\"ltr\">\n<div class=\"screen-reader-response\"><p role=\"status\" aria-live=\"polite\" aria-atomic=\"true\"><\/p> <ul><\/ul><\/div>\n<form action=\"\/index.php\/wp-json\/wp\/v2\/pages\/610#wpcf7-f236-o1\" method=\"post\" class=\"wpcf7-form init\" aria-label=\"Contact form\" novalidate=\"novalidate\" data-status=\"init\">\n<div style=\"display: none;\">\n<input type=\"hidden\" name=\"_wpcf7\" value=\"236\" \/>\n<input type=\"hidden\" name=\"_wpcf7_version\" value=\"5.7.4\" \/>\n<input type=\"hidden\" name=\"_wpcf7_locale\" value=\"en_US\" \/>\n<input type=\"hidden\" name=\"_wpcf7_unit_tag\" value=\"wpcf7-f236-o1\" \/>\n<input type=\"hidden\" name=\"_wpcf7_container_post\" value=\"0\" \/>\n<input type=\"hidden\" name=\"_wpcf7_posted_data_hash\" value=\"\" \/>\n<\/div>\n<div class=\"row\">\n   <div class=\"col-sm-6 col-xs-12\"><span class=\"wpcf7-form-control-wrap\" data-name=\"your-name\"><input size=\"40\" class=\"wpcf7-form-control wpcf7-text wpcf7-validates-as-required\" aria-required=\"true\" aria-invalid=\"false\" placeholder=\"Nombre completo *\" value=\"\" type=\"text\" name=\"your-name\" \/><\/span> <\/div>\n   <div class=\"col-sm-6 col-xs-12\"><span class=\"wpcf7-form-control-wrap\" data-name=\"your-email\"><input size=\"40\" class=\"wpcf7-form-control wpcf7-text wpcf7-email wpcf7-validates-as-required wpcf7-validates-as-email\" aria-required=\"true\" aria-invalid=\"false\" placeholder=\"Correo Electr\u00f3nico *\" value=\"\" type=\"email\" name=\"your-email\" \/><\/span> <\/div>\n<\/div>\n<div class=\"row\">\n   <div class=\"col-sm-12 col-xs-12\"><span class=\"wpcf7-form-control-wrap\" data-name=\"your-subject\"><input size=\"40\" class=\"wpcf7-form-control wpcf7-text\" aria-invalid=\"false\" placeholder=\"Asunto\" value=\"\" type=\"text\" name=\"your-subject\" \/><\/span> <\/div>\n<\/div>\n<div class=\"row\">\n   <div class=\"col-sm-12 col-xs-12\"><span class=\"wpcf7-form-control-wrap\" data-name=\"rows:4\"><textarea cols=\"40\" rows=\"10\" class=\"wpcf7-form-control wpcf7-textarea\" aria-invalid=\"false\" placeholder=\"Mensaje\" name=\"rows:4\"><\/textarea><\/span> <\/div>\n   <div class=\"col-sm-12 col-xs-12 action text-left\"><input class=\"wpcf7-form-control has-spinner wpcf7-submit\" type=\"submit\" value=\"Send\" \/><\/div>\n<\/div><div class=\"wpcf7-response-output\" aria-hidden=\"true\"><\/div>\n<\/form>\n<\/div>\n<\/div>\n\t\t\t\t<\/div>\n\t\t\t\t<\/div>\n\t\t\t\t\t<\/div>\n\t\t<\/div>\n\t\t\t\t\t\t\t<\/div>\n\t\t<\/section>\n\t\t\t\t<section class=\"elementor-section elementor-top-section elementor-element elementor-element-8892d6e elementor-section-boxed elementor-section-height-default elementor-section-height-default\" data-id=\"8892d6e\" data-element_type=\"section\">\n\t\t\t\t\t\t<div class=\"elementor-container elementor-column-gap-default\">\n\t\t\t\t\t<div class=\"elementor-column elementor-col-33 elementor-top-column elementor-element elementor-element-7199cc1 column-style-top column-top\" data-id=\"7199cc1\" data-element_type=\"column\">\n\t\t\t<div class=\"elementor-widget-wrap elementor-element-populated\">\n\t\t\t\t\t\t\t\t<div class=\"elementor-element elementor-element-a3445a0 elementor-widget elementor-widget-gva-icon-box-styles\" data-id=\"a3445a0\" data-element_type=\"widget\" data-widget_type=\"gva-icon-box-styles.default\">\n\t\t\t\t<div class=\"elementor-widget-container\">\n\t\t\t<div class=\"gva-element-gva-icon-box-styles gva-element\">\r\n   \r\n   \r\n         <div class=\"widget gsc-icon-box-styles style-3\">\r\n         <div class=\"block-content\">\r\n            <div class=\"content-inner\">\r\n               \r\n                                 <h3 class=\"title\">\r\n                     <a href=\"#\">\u00danete a nuestro equipo<\/a>                  <\/h3>\r\n               \r\n                                 <div class=\"desc\">Se parte de este cambio para la ni\u00f1ez guatemalteca<\/div>\r\n               \r\n            <\/div>\r\n         <\/div>   \r\n      <\/div> \r\n      \r\n\r\n\r\n<\/div>\t\t<\/div>\n\t\t\t\t<\/div>\n\t\t\t\t\t<\/div>\n\t\t<\/div>\n\t\t\t\t<div class=\"elementor-column elementor-col-33 elementor-top-column elementor-element elementor-element-d567be4 column-style-top column-top\" data-id=\"d567be4\" data-element_type=\"column\">\n\t\t\t<div class=\"elementor-widget-wrap elementor-element-populated\">\n\t\t\t\t\t\t\t\t<div class=\"elementor-element elementor-element-4d28716 elementor-widget elementor-widget-gva-icon-box-styles\" data-id=\"4d28716\" data-element_type=\"widget\" data-widget_type=\"gva-icon-box-styles.default\">\n\t\t\t\t<div class=\"elementor-widget-container\">\n\t\t\t<div class=\"gva-element-gva-icon-box-styles gva-element\">\r\n   \r\n   \r\n         <div class=\"widget gsc-icon-box-styles style-3\">\r\n         <div class=\"block-content\">\r\n            <div class=\"content-inner\">\r\n               \r\n                                 <h3 class=\"title\">\r\n                     <a href=\"#\">Ubicaci\u00f3n<\/a>                  <\/h3>\r\n               \r\n                                 <div class=\"desc\">Gran Centro Comecial, zona 4<br> Torre Profesional 2, Local 215<\/div>\r\n               \r\n            <\/div>\r\n         <\/div>   \r\n      <\/div> \r\n      \r\n\r\n\r\n<\/div>\t\t<\/div>\n\t\t\t\t<\/div>\n\t\t\t\t\t<\/div>\n\t\t<\/div>\n\t\t\t\t<div class=\"elementor-column elementor-col-33 elementor-top-column elementor-element elementor-element-28589d1 column-style-top column-top\" data-id=\"28589d1\" data-element_type=\"column\">\n\t\t\t<div class=\"elementor-widget-wrap elementor-element-populated\">\n\t\t\t\t\t\t\t\t<div class=\"elementor-element elementor-element-0313f3b elementor-widget elementor-widget-gva-icon-box-styles\" data-id=\"0313f3b\" data-element_type=\"widget\" data-widget_type=\"gva-icon-box-styles.default\">\n\t\t\t\t<div class=\"elementor-widget-container\">\n\t\t\t<div class=\"gva-element-gva-icon-box-styles gva-element\">\r\n   \r\n   \r\n         <div class=\"widget gsc-icon-box-styles style-3\">\r\n         <div class=\"block-content\">\r\n            <div class=\"content-inner\">\r\n               \r\n                                 <h3 class=\"title\">\r\n                     <a href=\"#\">Contacto<\/a>                  <\/h3>\r\n               \r\n                                 <div class=\"desc\">info@eduguatedigital.org<br>\n+502 2329 3600<br>\n  <\/div>\r\n               \r\n            <\/div>\r\n         <\/div>   \r\n      <\/div> \r\n      \r\n\r\n\r\n<\/div>\t\t<\/div>\n\t\t\t\t<\/div>\n\t\t\t\t\t<\/div>\n\t\t<\/div>\n\t\t\t\t\t\t\t<\/div>\n\t\t<\/section>\n\t\t\t\t<section class=\"elementor-section elementor-top-section elementor-element elementor-element-50fad3f elementor-section-full_width elementor-section-height-default elementor-section-height-default\" data-id=\"50fad3f\" data-element_type=\"section\">\n\t\t\t\t\t\t<div class=\"elementor-container elementor-column-gap-default\">\n\t\t\t\t\t<div class=\"elementor-column elementor-col-100 elementor-top-column elementor-element elementor-element-0260db7 column-style-top column-top\" data-id=\"0260db7\" data-element_type=\"column\">\n\t\t\t<div class=\"elementor-widget-wrap elementor-element-populated\">\n\t\t\t\t\t\t\t\t<div class=\"elementor-element elementor-element-8b636ee elementor-widget elementor-widget-gva-map\" data-id=\"8b636ee\" data-element_type=\"widget\" data-widget_type=\"gva-map.default\">\n\t\t\t\t<div class=\"elementor-widget-container\">\n\t\t\t<div class=\"gva-element-gva-map gva-element\">   <div class=\"widget gsc-map\">\r\n      <div class=\"content-inner\">\r\n         <div id=\"map_canvas_qi4q\" class=\"map_canvas\" style=\"width:100%; height:500px;\"><\/div>\r\n      <\/div>\r\n   <\/div>\r\n   <div class=\"clearfix\"><\/div>\r\n   <script>\r\n      jQuery(document).ready(function($) {\r\n         var stmapdefault = '14.6232368,-90.5163323';\r\n         var marker = {position:stmapdefault}\r\n         var content = 'CENTRO COMERCIAL, 6 Av. 0-60, Cdad. de Guatemala 01004';\r\n     \r\n         jQuery('#map_canvas_qi4q').gmap({\r\n            'scrollwheel':false,\r\n            'zoom': 14,\r\n            'center': stmapdefault,\r\n            'mapTypeId':google.maps.MapTypeId.ROADMAP,\r\n            'styles': [{\"featureType\":\"water\",\"elementType\":\"geometry\",\"stylers\":[{\"color\":\"#e9e9e9\"},{\"lightness\":17}]},{\"featureType\":\"landscape\",\"elementType\":\"geometry\",\"stylers\":[{\"color\":\"#f5f5f5\"},{\"lightness\":20}]},{\"featureType\":\"road.highway\",\"elementType\":\"geometry.fill\",\"stylers\":[{\"color\":\"#ffffff\"},{\"lightness\":17}]},{\"featureType\":\"road.highway\",\"elementType\":\"geometry.stroke\",\"stylers\":[{\"color\":\"#ffffff\"},{\"lightness\":29},{\"weight\":0.2}]},{\"featureType\":\"road.arterial\",\"elementType\":\"geometry\",\"stylers\":[{\"color\":\"#ffffff\"},{\"lightness\":18}]},{\"featureType\":\"road.local\",\"elementType\":\"geometry\",\"stylers\":[{\"color\":\"#ffffff\"},{\"lightness\":16}]},{\"featureType\":\"poi\",\"elementType\":\"geometry\",\"stylers\":[{\"color\":\"#f5f5f5\"},{\"lightness\":21}]},{\"featureType\":\"poi.park\",\"elementType\":\"geometry\",\"stylers\":[{\"color\":\"#dedede\"},{\"lightness\":21}]},{\"elementType\":\"labels.text.stroke\",\"stylers\":[{\"visibility\":\"on\"},{\"color\":\"#ffffff\"},{\"lightness\":16}]},{\"elementType\":\"labels.text.fill\",\"stylers\":[{\"saturation\":36},{\"color\":\"#333333\"},{\"lightness\":40}]},{\"elementType\":\"labels.icon\",\"stylers\":[{\"visibility\":\"off\"}]},{\"featureType\":\"transit\",\"elementType\":\"geometry\",\"stylers\":[{\"color\":\"#f2f2f2\"},{\"lightness\":19}]},{\"featureType\":\"administrative\",\"elementType\":\"geometry.fill\",\"stylers\":[{\"color\":\"#fefefe\"},{\"lightness\":20}]},{\"featureType\":\"administrative\",\"elementType\":\"geometry.stroke\",\"stylers\":[{\"color\":\"#fefefe\"},{\"lightness\":17},{\"weight\":1.2}]}],\r\n            'callback': function() {\r\n               var self = this;\r\n               self.addMarker(marker).on('click', function(){ \r\n                  if(content){\r\n                     self.openInfoWindow({'content': content}, self.instance.markers[0]);\r\n                  }                     \r\n               });\r\n            },\r\n            panControl: true\r\n         });\r\n      });\r\n   <\/script><\/div>\t\t<\/div>\n\t\t\t\t<\/div>\n\t\t\t\t\t<\/div>\n\t\t<\/div>\n\t\t\t\t\t\t\t<\/div>\n\t\t<\/section>\n\t\t\t\t\t\t\t<\/div>\n\t\t","protected":false},"excerpt":{"rendered":"<p>P\u00f3ngase en contacto con nosotros Escr\u00edbenos un mensaje \u00danete a nuestro equipo Se parte de este cambio para la ni\u00f1ez guatemalteca Ubicaci\u00f3n Gran Centro Comecial, zona 4 Torre Profesional 2, Local 215 Contacto info@eduguatedigital.org +502 2329 3600<\/p>\n","protected":false},"author":1,"featured_media":0,"parent":0,"menu_order":0,"comment_status":"closed","ping_status":"closed","template":"","meta":{"footnotes":""},"class_list":["post-610","page","type-page","status-publish","hentry"],"_links":{"self":[{"href":"http:\/\/wpeduguatedigital.azurewebsites.net\/index.php\/wp-json\/wp\/v2\/pages\/610","targetHints":{"allow":["GET"]}}],"collection":[{"href":"http:\/\/wpeduguatedigital.azurewebsites.net\/index.php\/wp-json\/wp\/v2\/pages"}],"about":[{"href":"http:\/\/wpeduguatedigital.azurewebsites.net\/index.php\/wp-json\/wp\/v2\/types\/page"}],"author":[{"embeddable":true,"href":"http:\/\/wpeduguatedigital.azurewebsites.net\/index.php\/wp-json\/wp\/v2\/users\/1"}],"replies":[{"embeddable":true,"href":"http:\/\/wpeduguatedigital.azurewebsites.net\/index.php\/wp-json\/wp\/v2\/comments?post=610"}],"version-history":[{"count":10,"href":"http:\/\/wpeduguatedigital.azurewebsites.net\/index.php\/wp-json\/wp\/v2\/pages\/610\/revisions"}],"predecessor-version":[{"id":5337,"href":"http:\/\/wpeduguatedigital.azurewebsites.net\/index.php\/wp-json\/wp\/v2\/pages\/610\/revisions\/5337"}],"wp:attachment":[{"href":"http:\/\/wpeduguatedigital.azurewebsites.net\/index.php\/wp-json\/wp\/v2\/media?parent=610"}],"curies":[{"name":"wp","href":"https:\/\/api.w.org\/{rel}","templated":true}]}}