{"id":614,"date":"2016-03-07T03:11:22","date_gmt":"2016-03-07T02:11:22","guid":{"rendered":"https:\/\/gaviaspreview.com\/wp\/oxpitan\/?page_id=614"},"modified":"2023-05-18T22:19:59","modified_gmt":"2023-05-18T20:19:59","slug":"become-a-volunteer","status":"publish","type":"page","link":"http:\/\/wpeduguatedigital.azurewebsites.net\/index.php\/become-a-volunteer\/","title":{"rendered":"Hazte voluntario"},"content":{"rendered":"\t\t<div data-elementor-type=\"wp-post\" data-elementor-id=\"614\" class=\"elementor elementor-614\">\n\t\t\t\t\t\t\t\t\t<section class=\"elementor-section elementor-top-section elementor-element elementor-element-451d7d9 elementor-section-boxed elementor-section-height-default elementor-section-height-default\" data-id=\"451d7d9\" data-element_type=\"section\">\n\t\t\t\t\t\t<div class=\"elementor-container elementor-column-gap-default\">\n\t\t\t\t\t<div class=\"elementor-column elementor-col-100 elementor-top-column elementor-element elementor-element-c43a11d column-style-top column-top\" data-id=\"c43a11d\" data-element_type=\"column\">\n\t\t\t<div class=\"elementor-widget-wrap elementor-element-populated\">\n\t\t\t\t\t\t\t\t<div class=\"elementor-element elementor-element-d3a804a elementor-widget elementor-widget-gva-heading-block\" data-id=\"d3a804a\" data-element_type=\"widget\" data-widget_type=\"gva-heading-block.default\">\n\t\t\t\t<div class=\"elementor-widget-container\">\n\t\t\t<div class=\"gva-element-gva-heading-block gva-element\">   <div class=\"align-center style-1 widget gsc-heading\">\r\n      <div class=\"content-inner\">\r\n                     <div class=\"heading-icon\"><img decoding=\"async\" src=\"http:\/\/wpeduguatedigital.azurewebsites.net\/wp-content\/plugins\/gavias-oxpitan-themer\/elementor\/assets\/images\/icon-heading.png\" alt=\"Reg\u00edstrate Ahora\"\/><\/div>\r\n           \r\n                     <h2 class=\"title\">\r\n               <span>Reg\u00edstrate Ahora<\/span>\r\n            <\/h2>\r\n                              <div class=\"sub-title\"><span>\u00danete a nuestro equipo<\/span><\/div>\r\n                  \r\n               <\/div>\r\n   <\/div>\r\n   <div class=\"clearfix\"><\/div>\r\n<\/div>\t\t<\/div>\n\t\t\t\t<\/div>\n\t\t\t\t\t<\/div>\n\t\t<\/div>\n\t\t\t\t\t\t\t<\/div>\n\t\t<\/section>\n\t\t\t\t<section class=\"elementor-section elementor-top-section elementor-element elementor-element-c51512b elementor-section-boxed elementor-section-height-default elementor-section-height-default\" data-id=\"c51512b\" data-element_type=\"section\">\n\t\t\t\t\t\t<div class=\"elementor-container elementor-column-gap-default\">\n\t\t\t\t\t<div class=\"elementor-column elementor-col-50 elementor-top-column elementor-element elementor-element-80652c1 column-style-top column-top\" data-id=\"80652c1\" data-element_type=\"column\">\n\t\t\t<div class=\"elementor-widget-wrap elementor-element-populated\">\n\t\t\t\t\t\t\t\t<div class=\"elementor-element elementor-element-65d69eb elementor-widget elementor-widget-gva-heading-block\" data-id=\"65d69eb\" data-element_type=\"widget\" data-widget_type=\"gva-heading-block.default\">\n\t\t\t\t<div class=\"elementor-widget-container\">\n\t\t\t<div class=\"gva-element-gva-heading-block gva-element\">   <div class=\"align-left style-1 widget gsc-heading\">\r\n      <div class=\"content-inner\">\r\n           \r\n                     <h2 class=\"title\">\r\n               <span>Requerimientos<\/span>\r\n            <\/h2>\r\n                           \r\n               <\/div>\r\n   <\/div>\r\n   <div class=\"clearfix\"><\/div>\r\n<\/div>\t\t<\/div>\n\t\t\t\t<\/div>\n\t\t\t\t<div class=\"elementor-element elementor-element-94c79c8 elementor-widget elementor-widget-wp-widget-text\" data-id=\"94c79c8\" data-element_type=\"widget\" data-widget_type=\"wp-widget-text.default\">\n\t\t\t\t<div class=\"elementor-widget-container\">\n\t\t\t\t\t\t<div class=\"textwidget\"><ol>\n<li>Compromiso: Ser un voluntario en EduGuate Digital implica un compromiso serio y sostenido con la organizaci\u00f3n y su misi\u00f3n. Los voluntarios deben estar dispuestos a dedicar tiempo y esfuerzo a su trabajo voluntario.<\/li>\n<li>Habilidad para trabajar en equipo: Los voluntarios en EduGuate Digital trabajar\u00e1n en equipo con otros voluntarios y el personal de la organizaci\u00f3n. Por lo tanto, es importante tener habilidades interpersonales fuertes y ser capaz de trabajar colaborativamente.<\/li>\n<li>Conocimientos de tecnolog\u00eda: Si bien no es necesario ser un experto en tecnolog\u00eda para ser voluntario en EduGuate Digital, es importante tener un conocimiento b\u00e1sico de la tecnolog\u00eda y estar dispuesto a aprender y mejorar esas habilidades mientras se trabaja en proyectos tecnol\u00f3gicos.<\/li>\n<\/ol>\n<\/div>\n\t\t\t\t<\/div>\n\t\t\t\t<\/div>\n\t\t\t\t<section class=\"elementor-section elementor-inner-section elementor-element elementor-element-ab133bf elementor-section-boxed elementor-section-height-default elementor-section-height-default\" data-id=\"ab133bf\" data-element_type=\"section\">\n\t\t\t\t\t\t<div class=\"elementor-container elementor-column-gap-default\">\n\t\t\t\t\t<div class=\"elementor-column elementor-col-50 elementor-inner-column elementor-element elementor-element-9fda403 column-style-top column-top\" data-id=\"9fda403\" data-element_type=\"column\">\n\t\t\t<div class=\"elementor-widget-wrap elementor-element-populated\">\n\t\t\t\t\t\t\t\t<div class=\"elementor-element elementor-element-433c372 elementor-widget elementor-widget-gva-heading-block\" data-id=\"433c372\" data-element_type=\"widget\" data-widget_type=\"gva-heading-block.default\">\n\t\t\t\t<div class=\"elementor-widget-container\">\n\t\t\t<div class=\"gva-element-gva-heading-block gva-element\">   <div class=\"align-left style-1 widget gsc-heading\">\r\n      <div class=\"content-inner\">\r\n           \r\n                     <h2 class=\"title\">\r\n               <span>Ll\u00e1manos<\/span>\r\n            <\/h2>\r\n                                       <div class=\"title-desc\">+502 2329 3600<\/div>\r\n         \r\n               <\/div>\r\n   <\/div>\r\n   <div class=\"clearfix\"><\/div>\r\n<\/div>\t\t<\/div>\n\t\t\t\t<\/div>\n\t\t\t\t\t<\/div>\n\t\t<\/div>\n\t\t\t\t<div class=\"elementor-column elementor-col-50 elementor-inner-column elementor-element elementor-element-4d92f4f column-style-top column-top\" data-id=\"4d92f4f\" data-element_type=\"column\">\n\t\t\t<div class=\"elementor-widget-wrap elementor-element-populated\">\n\t\t\t\t\t\t\t\t<div class=\"elementor-element elementor-element-9052ff9 elementor-widget elementor-widget-gva-heading-block\" data-id=\"9052ff9\" data-element_type=\"widget\" data-widget_type=\"gva-heading-block.default\">\n\t\t\t\t<div class=\"elementor-widget-container\">\n\t\t\t<div class=\"gva-element-gva-heading-block gva-element\">   <div class=\"align-left style-1 widget gsc-heading\">\r\n      <div class=\"content-inner\">\r\n           \r\n                     <h2 class=\"title\">\r\n               <span>Env\u00edanos un correo<\/span>\r\n            <\/h2>\r\n                                       <div class=\"title-desc\">info@eduguatedigital.org<\/div>\r\n         \r\n               <\/div>\r\n   <\/div>\r\n   <div class=\"clearfix\"><\/div>\r\n<\/div>\t\t<\/div>\n\t\t\t\t<\/div>\n\t\t\t\t\t<\/div>\n\t\t<\/div>\n\t\t\t\t\t\t\t<\/div>\n\t\t<\/section>\n\t\t\t\t\t<\/div>\n\t\t<\/div>\n\t\t\t\t<div class=\"elementor-column elementor-col-50 elementor-top-column elementor-element elementor-element-198e3cd column-style-top column-top\" data-id=\"198e3cd\" data-element_type=\"column\">\n\t\t\t<div class=\"elementor-widget-wrap elementor-element-populated\">\n\t\t\t\t\t\t\t\t<div class=\"elementor-element elementor-element-ccd1fe9 elementor-widget elementor-widget-shortcode\" data-id=\"ccd1fe9\" data-element_type=\"widget\" data-widget_type=\"shortcode.default\">\n\t\t\t\t<div class=\"elementor-widget-container\">\n\t\t\t\t\t<div class=\"elementor-shortcode\">\n<div class=\"wpcf7 no-js\" id=\"wpcf7-f4233-o1\" lang=\"en-US\" dir=\"ltr\">\n<div class=\"screen-reader-response\"><p role=\"status\" aria-live=\"polite\" aria-atomic=\"true\"><\/p> <ul><\/ul><\/div>\n<form action=\"\/index.php\/wp-json\/wp\/v2\/pages\/614#wpcf7-f4233-o1\" method=\"post\" class=\"wpcf7-form init\" aria-label=\"Contact form\" novalidate=\"novalidate\" data-status=\"init\">\n<div style=\"display: none;\">\n<input type=\"hidden\" name=\"_wpcf7\" value=\"4233\" \/>\n<input type=\"hidden\" name=\"_wpcf7_version\" value=\"5.7.4\" \/>\n<input type=\"hidden\" name=\"_wpcf7_locale\" value=\"en_US\" \/>\n<input type=\"hidden\" name=\"_wpcf7_unit_tag\" value=\"wpcf7-f4233-o1\" \/>\n<input type=\"hidden\" name=\"_wpcf7_container_post\" value=\"0\" \/>\n<input type=\"hidden\" name=\"_wpcf7_posted_data_hash\" value=\"\" \/>\n<\/div>\n<div class=\"become-a-volunteer-form\">\n   <div class=\"control-form\"><span class=\"wpcf7-form-control-wrap\" data-name=\"your-name\"><input size=\"40\" class=\"wpcf7-form-control wpcf7-text wpcf7-validates-as-required\" aria-required=\"true\" aria-invalid=\"false\" placeholder=\"Nombre Completo *\" value=\"\" type=\"text\" name=\"your-name\" \/><\/span><\/div>\n   <div class=\"control-form\"><span class=\"wpcf7-form-control-wrap\" data-name=\"your-email\"><input size=\"40\" class=\"wpcf7-form-control wpcf7-text wpcf7-email wpcf7-validates-as-required wpcf7-validates-as-email\" aria-required=\"true\" aria-invalid=\"false\" placeholder=\"Correo Electr\u00f3nico *\" value=\"\" type=\"email\" name=\"your-email\" \/><\/span><\/div>\n   <div class=\"control-form\"><span class=\"wpcf7-form-control-wrap\" data-name=\"your-subject\"><input size=\"40\" class=\"wpcf7-form-control wpcf7-text wpcf7-validates-as-required\" aria-required=\"true\" aria-invalid=\"false\" placeholder=\"N\u00famero de Tel\u00e9fono\" value=\"\" type=\"text\" name=\"your-subject\" \/><\/span><\/div>\n   <div class=\"control-form\"><span class=\"wpcf7-form-control-wrap\" data-name=\"your-address\"><input size=\"40\" class=\"wpcf7-form-control wpcf7-text wpcf7-validates-as-required\" aria-required=\"true\" aria-invalid=\"false\" placeholder=\"Direcci\u00f3n\" value=\"\" type=\"text\" name=\"your-address\" \/><\/span><\/div>\n   <div class=\"control-form\"><span class=\"wpcf7-form-control-wrap\" data-name=\"your-occupation\"><input size=\"40\" class=\"wpcf7-form-control wpcf7-text wpcf7-validates-as-required\" aria-required=\"true\" aria-invalid=\"false\" placeholder=\"Puesto laboral\" value=\"\" type=\"text\" name=\"your-occupation\" \/><\/span><\/div>\n   <div class=\"control-form\"><span class=\"wpcf7-form-control-wrap\" data-name=\"your-message\"><textarea cols=\"40\" rows=\"10\" class=\"wpcf7-form-control wpcf7-textarea\" aria-invalid=\"false\" placeholder=\"Mensaje\" name=\"your-message\"><\/textarea><\/span><\/div>\n   <div class=\"control-form action text-left\"><input class=\"wpcf7-form-control has-spinner wpcf7-submit\" type=\"submit\" value=\"Send\" \/><\/div>\n<\/div><div class=\"wpcf7-response-output\" aria-hidden=\"true\"><\/div>\n<\/form>\n<\/div>\n<\/div>\n\t\t\t\t<\/div>\n\t\t\t\t<\/div>\n\t\t\t\t\t<\/div>\n\t\t<\/div>\n\t\t\t\t\t\t\t<\/div>\n\t\t<\/section>\n\t\t\t\t\t\t\t<\/div>\n\t\t","protected":false},"excerpt":{"rendered":"<p>Reg\u00edstrate Ahora \u00danete a nuestro equipo Requerimientos Ll\u00e1manos +502 2329 3600 Env\u00edanos un correo info@eduguatedigital.org<\/p>\n","protected":false},"author":1,"featured_media":0,"parent":0,"menu_order":0,"comment_status":"closed","ping_status":"closed","template":"","meta":{"footnotes":""},"class_list":["post-614","page","type-page","status-publish","hentry"],"_links":{"self":[{"href":"http:\/\/wpeduguatedigital.azurewebsites.net\/index.php\/wp-json\/wp\/v2\/pages\/614","targetHints":{"allow":["GET"]}}],"collection":[{"href":"http:\/\/wpeduguatedigital.azurewebsites.net\/index.php\/wp-json\/wp\/v2\/pages"}],"about":[{"href":"http:\/\/wpeduguatedigital.azurewebsites.net\/index.php\/wp-json\/wp\/v2\/types\/page"}],"author":[{"embeddable":true,"href":"http:\/\/wpeduguatedigital.azurewebsites.net\/index.php\/wp-json\/wp\/v2\/users\/1"}],"replies":[{"embeddable":true,"href":"http:\/\/wpeduguatedigital.azurewebsites.net\/index.php\/wp-json\/wp\/v2\/comments?post=614"}],"version-history":[{"count":7,"href":"http:\/\/wpeduguatedigital.azurewebsites.net\/index.php\/wp-json\/wp\/v2\/pages\/614\/revisions"}],"predecessor-version":[{"id":5246,"href":"http:\/\/wpeduguatedigital.azurewebsites.net\/index.php\/wp-json\/wp\/v2\/pages\/614\/revisions\/5246"}],"wp:attachment":[{"href":"http:\/\/wpeduguatedigital.azurewebsites.net\/index.php\/wp-json\/wp\/v2\/media?parent=614"}],"curies":[{"name":"wp","href":"https:\/\/api.w.org\/{rel}","templated":true}]}}